{"id":7,"date":"2020-01-17T14:14:46","date_gmt":"2020-01-17T13:14:46","guid":{"rendered":"http:\/\/klassemacketanz.de\/?page_id=7"},"modified":"2025-11-26T10:04:15","modified_gmt":"2025-11-26T09:04:15","slug":"about","status":"publish","type":"page","link":"http:\/\/klassemacketanz.de\/?page_id=7","title":{"rendered":"About"},"content":{"rendered":"\n<p><\/p>\n\n\n\n<p>Es wird selbst\u00e4ndiges Denken gef\u00f6rdert und gefordert und die Motivation, beharrlich an seiner Bebilderung zu arbeiten.<\/p>\n\n\n\n<p>Am Ende des Studiums sollen K\u00fcnstlerInnen stehen &#8211; selbstkritisch und selbstbewusst &#8211; die beseelte Ereignisse vorstellen.<\/p>\n\n\n\n<p><strong>Prof. Christian Macketanz<\/strong>&nbsp;\u00bb&nbsp;<em><a href=\"https:\/\/t.umblr.com\/redirect?z=http%3A%2F%2Fwww.macketanz.eu&amp;t=NzBkNDVkYjhhOGZmMmJjNjliMmU5ZTJkZDFlZjhhODEwZDA2ZTA4YixUbU4zdWpESg%3D%3D&amp;p=&amp;m=0\" target=\"_blank\" rel=\"noreferrer noopener\">www.macketanz.eu<\/a><\/em><\/p>\n\n\n\n<figure class=\"wp-block-image size-large\"><img loading=\"lazy\" decoding=\"async\" width=\"1024\" height=\"683\" src=\"http:\/\/klassemacketanz.de\/wp-content\/uploads\/2025\/11\/WhatsApp-Image-2025-11-07-at-21.53.37-1-1024x683.webp\" alt=\"\" class=\"wp-image-1709\" srcset=\"http:\/\/klassemacketanz.de\/wp-content\/uploads\/2025\/11\/WhatsApp-Image-2025-11-07-at-21.53.37-1-1024x683.webp 1024w, http:\/\/klassemacketanz.de\/wp-content\/uploads\/2025\/11\/WhatsApp-Image-2025-11-07-at-21.53.37-1-300x200.webp 300w, http:\/\/klassemacketanz.de\/wp-content\/uploads\/2025\/11\/WhatsApp-Image-2025-11-07-at-21.53.37-1-768x512.webp 768w, http:\/\/klassemacketanz.de\/wp-content\/uploads\/2025\/11\/WhatsApp-Image-2025-11-07-at-21.53.37-1-1536x1024.webp 1536w, http:\/\/klassemacketanz.de\/wp-content\/uploads\/2025\/11\/WhatsApp-Image-2025-11-07-at-21.53.37-1.webp 2048w\" sizes=\"auto, (max-width: 1024px) 100vw, 1024px\" \/><\/figure>\n\n\n\n<figure class=\"wp-block-image size-large\"><img loading=\"lazy\" decoding=\"async\" width=\"1024\" height=\"683\" src=\"http:\/\/klassemacketanz.de\/wp-content\/uploads\/2025\/11\/WhatsApp-Image-2025-11-07-at-21.53.39-1024x683.webp\" alt=\"\" class=\"wp-image-1710\" srcset=\"http:\/\/klassemacketanz.de\/wp-content\/uploads\/2025\/11\/WhatsApp-Image-2025-11-07-at-21.53.39-1024x683.webp 1024w, http:\/\/klassemacketanz.de\/wp-content\/uploads\/2025\/11\/WhatsApp-Image-2025-11-07-at-21.53.39-300x200.webp 300w, http:\/\/klassemacketanz.de\/wp-content\/uploads\/2025\/11\/WhatsApp-Image-2025-11-07-at-21.53.39-768x512.webp 768w, http:\/\/klassemacketanz.de\/wp-content\/uploads\/2025\/11\/WhatsApp-Image-2025-11-07-at-21.53.39-1536x1024.webp 1536w, http:\/\/klassemacketanz.de\/wp-content\/uploads\/2025\/11\/WhatsApp-Image-2025-11-07-at-21.53.39.webp 2048w\" sizes=\"auto, (max-width: 1024px) 100vw, 1024px\" \/><\/figure>\n\n\n\n<figure class=\"wp-block-image size-large\"><img loading=\"lazy\" decoding=\"async\" width=\"683\" height=\"1024\" src=\"http:\/\/klassemacketanz.de\/wp-content\/uploads\/2025\/11\/WhatsApp-Image-2025-11-07-at-21.53.37-683x1024.webp\" alt=\"\" class=\"wp-image-1711\" srcset=\"http:\/\/klassemacketanz.de\/wp-content\/uploads\/2025\/11\/WhatsApp-Image-2025-11-07-at-21.53.37-683x1024.webp 683w, http:\/\/klassemacketanz.de\/wp-content\/uploads\/2025\/11\/WhatsApp-Image-2025-11-07-at-21.53.37-200x300.webp 200w, http:\/\/klassemacketanz.de\/wp-content\/uploads\/2025\/11\/WhatsApp-Image-2025-11-07-at-21.53.37-768x1152.webp 768w, http:\/\/klassemacketanz.de\/wp-content\/uploads\/2025\/11\/WhatsApp-Image-2025-11-07-at-21.53.37-1024x1536.webp 1024w, http:\/\/klassemacketanz.de\/wp-content\/uploads\/2025\/11\/WhatsApp-Image-2025-11-07-at-21.53.37.webp 1365w\" sizes=\"auto, (max-width: 683px) 100vw, 683px\" \/><\/figure>\n\n\n\n<figure class=\"wp-block-image size-large\"><img loading=\"lazy\" decoding=\"async\" width=\"1024\" height=\"575\" src=\"http:\/\/klassemacketanz.de\/wp-content\/uploads\/2023\/12\/DSC08847-1024x575.webp\" alt=\"\" class=\"wp-image-1240\" srcset=\"http:\/\/klassemacketanz.de\/wp-content\/uploads\/2023\/12\/DSC08847-1024x575.webp 1024w, http:\/\/klassemacketanz.de\/wp-content\/uploads\/2023\/12\/DSC08847-300x169.webp 300w, http:\/\/klassemacketanz.de\/wp-content\/uploads\/2023\/12\/DSC08847-768x431.webp 768w, http:\/\/klassemacketanz.de\/wp-content\/uploads\/2023\/12\/DSC08847-1536x863.webp 1536w, http:\/\/klassemacketanz.de\/wp-content\/uploads\/2023\/12\/DSC08847-2048x1151.webp 2048w\" sizes=\"auto, (max-width: 1024px) 100vw, 1024px\" \/><\/figure>\n\n\n\n<figure class=\"wp-block-gallery has-nested-images columns-default is-cropped wp-block-gallery-1 is-layout-flex wp-block-gallery-is-layout-flex\">\n<figure class=\"wp-block-image size-large\"><img loading=\"lazy\" decoding=\"async\" width=\"768\" height=\"1024\" data-id=\"1250\" src=\"http:\/\/klassemacketanz.de\/wp-content\/uploads\/2023\/12\/IMG_20230609_194618-768x1024.jpg\" alt=\"\" class=\"wp-image-1250\" srcset=\"http:\/\/klassemacketanz.de\/wp-content\/uploads\/2023\/12\/IMG_20230609_194618-768x1024.jpg 768w, http:\/\/klassemacketanz.de\/wp-content\/uploads\/2023\/12\/IMG_20230609_194618-225x300.jpg 225w, http:\/\/klassemacketanz.de\/wp-content\/uploads\/2023\/12\/IMG_20230609_194618-1152x1536.jpg 1152w, http:\/\/klassemacketanz.de\/wp-content\/uploads\/2023\/12\/IMG_20230609_194618-1536x2048.jpg 1536w, http:\/\/klassemacketanz.de\/wp-content\/uploads\/2023\/12\/IMG_20230609_194618-scaled.jpg 1920w\" sizes=\"auto, (max-width: 768px) 100vw, 768px\" \/><\/figure>\n\n\n\n<figure class=\"wp-block-image size-large\"><img loading=\"lazy\" decoding=\"async\" width=\"1012\" height=\"752\" data-id=\"1251\" src=\"http:\/\/klassemacketanz.de\/wp-content\/uploads\/2023\/12\/Screenshot_20230726_223719_com.instagram.android_edit_2811500954038173.jpg\" alt=\"\" class=\"wp-image-1251\" srcset=\"http:\/\/klassemacketanz.de\/wp-content\/uploads\/2023\/12\/Screenshot_20230726_223719_com.instagram.android_edit_2811500954038173.jpg 1012w, http:\/\/klassemacketanz.de\/wp-content\/uploads\/2023\/12\/Screenshot_20230726_223719_com.instagram.android_edit_2811500954038173-300x223.jpg 300w, http:\/\/klassemacketanz.de\/wp-content\/uploads\/2023\/12\/Screenshot_20230726_223719_com.instagram.android_edit_2811500954038173-768x571.jpg 768w\" sizes=\"auto, (max-width: 1012px) 100vw, 1012px\" \/><\/figure>\n<\/figure>\n\n\n\n<figure class=\"wp-block-gallery has-nested-images columns-default is-cropped wp-block-gallery-2 is-layout-flex wp-block-gallery-is-layout-flex\">\n<figure class=\"wp-block-image size-large\"><img loading=\"lazy\" decoding=\"async\" width=\"768\" height=\"1024\" data-id=\"1255\" src=\"http:\/\/klassemacketanz.de\/wp-content\/uploads\/2023\/12\/IMG_20230611_114739-768x1024.jpg\" alt=\"\" class=\"wp-image-1255\" srcset=\"http:\/\/klassemacketanz.de\/wp-content\/uploads\/2023\/12\/IMG_20230611_114739-768x1024.jpg 768w, http:\/\/klassemacketanz.de\/wp-content\/uploads\/2023\/12\/IMG_20230611_114739-225x300.jpg 225w, http:\/\/klassemacketanz.de\/wp-content\/uploads\/2023\/12\/IMG_20230611_114739-1152x1536.jpg 1152w, http:\/\/klassemacketanz.de\/wp-content\/uploads\/2023\/12\/IMG_20230611_114739-1536x2048.jpg 1536w, http:\/\/klassemacketanz.de\/wp-content\/uploads\/2023\/12\/IMG_20230611_114739-scaled.jpg 1920w\" sizes=\"auto, (max-width: 768px) 100vw, 768px\" \/><\/figure>\n<\/figure>\n\n\n\n<figure class=\"wp-block-gallery has-nested-images columns-default is-cropped wp-block-gallery-3 is-layout-flex wp-block-gallery-is-layout-flex\">\n<figure class=\"wp-block-image size-large\"><img loading=\"lazy\" decoding=\"async\" width=\"1024\" height=\"710\" data-id=\"1352\" src=\"http:\/\/klassemacketanz.de\/wp-content\/uploads\/2023\/12\/DSC_0622-1-1024x710.jpg\" alt=\"\" class=\"wp-image-1352\" srcset=\"http:\/\/klassemacketanz.de\/wp-content\/uploads\/2023\/12\/DSC_0622-1-1024x710.jpg 1024w, http:\/\/klassemacketanz.de\/wp-content\/uploads\/2023\/12\/DSC_0622-1-300x208.jpg 300w, http:\/\/klassemacketanz.de\/wp-content\/uploads\/2023\/12\/DSC_0622-1-768x532.jpg 768w, http:\/\/klassemacketanz.de\/wp-content\/uploads\/2023\/12\/DSC_0622-1-1536x1065.jpg 1536w, http:\/\/klassemacketanz.de\/wp-content\/uploads\/2023\/12\/DSC_0622-1.jpg 1800w\" sizes=\"auto, (max-width: 1024px) 100vw, 1024px\" \/><\/figure>\n<\/figure>\n","protected":false},"excerpt":{"rendered":"<p>Es wird selbst\u00e4ndiges Denken gef\u00f6rdert und gefordert und die Motivation, beharrlich an seiner Bebilderung zu arbeiten. Am Ende des Studiums sollen K\u00fcnstlerInnen stehen &#8211; selbstkritisch und selbstbewusst &#8211; die beseelte Ereignisse vorstellen. Prof. Christian Macketanz&nbsp;\u00bb&nbsp;www.macketanz.eu<\/p>\n","protected":false},"author":1,"featured_media":0,"parent":0,"menu_order":0,"comment_status":"closed","ping_status":"closed","template":"","meta":{"footnotes":""},"class_list":["post-7","page","type-page","status-publish","hentry"],"_links":{"self":[{"href":"http:\/\/klassemacketanz.de\/index.php?rest_route=\/wp\/v2\/pages\/7","targetHints":{"allow":["GET"]}}],"collection":[{"href":"http:\/\/klassemacketanz.de\/index.php?rest_route=\/wp\/v2\/pages"}],"about":[{"href":"http:\/\/klassemacketanz.de\/index.php?rest_route=\/wp\/v2\/types\/page"}],"author":[{"embeddable":true,"href":"http:\/\/klassemacketanz.de\/index.php?rest_route=\/wp\/v2\/users\/1"}],"replies":[{"embeddable":true,"href":"http:\/\/klassemacketanz.de\/index.php?rest_route=%2Fwp%2Fv2%2Fcomments&post=7"}],"version-history":[{"count":18,"href":"http:\/\/klassemacketanz.de\/index.php?rest_route=\/wp\/v2\/pages\/7\/revisions"}],"predecessor-version":[{"id":1713,"href":"http:\/\/klassemacketanz.de\/index.php?rest_route=\/wp\/v2\/pages\/7\/revisions\/1713"}],"wp:attachment":[{"href":"http:\/\/klassemacketanz.de\/index.php?rest_route=%2Fwp%2Fv2%2Fmedia&parent=7"}],"curies":[{"name":"wp","href":"https:\/\/api.w.org\/{rel}","templated":true}]}}